
{"id":2832,"date":"2016-09-24T09:18:04","date_gmt":"2016-09-24T07:18:04","guid":{"rendered":"http:\/\/localhost\/motive\/?page_id=2832"},"modified":"2016-11-22T14:31:45","modified_gmt":"2016-11-22T13:31:45","slug":"prodotti","status":"publish","type":"page","link":"https:\/\/www.klingel.it\/de\/produkte\/","title":{"rendered":"Produkte"},"content":{"rendered":"<p>[vc_row][vc_column][vc_empty_space][\/vc_column][\/vc_row][vc_row][vc_column width=&#8221;1\/3&#8243;][services_media title=&#8221;KABELSCHUHE&#8221; photo=&#8221;5417&#8243; link=&#8221;\/produkte\/kabelschuhe\/&#8221;]Vorisolierte und nicht isolierte Kabelschuhe, Einzelbeutel oder auf Rollen sind als Verpackungseinheit verf\u00fcgbar; Rohrkabelschuh mit oder ohne Sichtloch, verf\u00fcgbar auch als 90\u00b0 oder 45\u00b0 abgewinkelter Rohrkabelschuh, H\u00fclsen und Stecker einzeln, im Beutel oder auf Rollen verf\u00fcgbar, in Messing, Messing verzinnt, Bronze, Bronze verzinnt und Stahl verf\u00fcgbar; Isoliert\u00fclle in schwarz, Naturton und anderen verschiedenen Farben verf\u00fcgbar, spezielle Teile f\u00fcr die Automobilebranche verf\u00fcgbar[\/services_media][services_media title=&#8221;SCHALTGER\u00c4TE&#8221; photo=&#8221;4446&#8243; link=&#8221;\/produkte\/schaltger\u00e4te\/&#8221;]Schalter und Trennschalter und Schalter f\u00fcr Einphasenmotoren. Schalter und Trennschalter und Schalter f\u00fcr die Pole-Schalter Einphasenmotoren. Spezielle Geh\u00e4use f\u00fcr Nocken- und Kompaktschalter. Umschalter, Stufenschalter, Gruppenschalter, Codier Schalter, Voltmeter-Umschalter, Amperemeter-Umschalter, Schalter mit R\u00fcckzug, Wendeschalter, Stern-Dreieck Schalter, Polumschalter, Einphasen-Anlass Schalter.[\/services_media][\/vc_column][vc_column width=&#8221;1\/3&#8243;][services_media title=&#8221;WERKZEUGE UND ZUBEH\u00d6HR &#8221; photo=&#8221;5441&#8243; link=&#8221;\/produkte\/werkzeuge-und-zubeh\u00f6hr\/&#8221;]Crimp-Zangen, Kabelschneider, Zubeh\u00f6r f\u00fcr fein drahtige Kupferleiter, Zubeh\u00f6r f\u00fcr Aderendh\u00fclsen, Zubeh\u00f6r f\u00fcr Rohrkabelschuhe, Zubeh\u00f6r f\u00fcr Crimpwerkzeuge und Kabelschneider, Zubeh\u00f6r f\u00fcr Steckverbindungen, Werkzeuge und Werkzeugkoffer f\u00fcr die einfache Montage, Hei\u00dfluftpistolen, Mini-Applikatoren und Pressen.[\/services_media][services_media title=&#8221;STECKVERBINDER &#8221; photo=&#8221;4445&#8243; link=&#8221;\/produkte\/steckverbinder\/&#8221;]Steckverbindungen, Steckvorrichtungen, Kontakte und Zubeh\u00f6r der Serie A3, A4, D7, D8, A10, A16, A32, B6, B10, B16, B24, B32, B48, BA6, BA12, D15, D25, D40, D50, D64, D80, D128, DD24, DD42 DD72 DD108 DD144 DD216, MO B; Geh\u00e4use der Familie A, B, BA, BB, BV, D, DD, MOB, BHT6, BHT10, BHT16, BHT24, Werkzeuge und Zubeh\u00f6r.[\/services_media][services_media title=&#8221;STECKDOSEN UND STECKER CEE&#8221; photo=&#8221;5422&#8243; link=&#8221;\/produkte\/steckdosen-und-stecker-cee\/&#8221;]Steckdosen und Stecker, Schutzkontaktstecker (Schuko &#8211; Stecker), Steckdosen mit niedrigen Stromspannungen Serie Taurus, Industrieadapter, Schaltanlagen f\u00fcr W\u00e4nde oder M\u00f6bel.[\/services_media][\/vc_column][vc_column width=&#8221;1\/3&#8243;][services_media title=&#8221;KABELVERSCHRAUBUNGEN&#8221; photo=&#8221;5443&#8243; link=&#8221;\/produkte\/kabelverschraubungen\/&#8221;]Kabelverschraubungen mit metrischen Gewinden und PG Gewinde in den Farben schwarz, hell- und dunkelgrau, Messing vernickelt und Edelstahl AISI 303 und AISI 316; Kabelverschraubungen ATEX Eex Polyamid und Nickelmessing; EMC-Spiralkabelverschraubungen, Sicherungsmuttern in Polyamid, in Messing und Edelstahl; Druckschrauben; Stecker und Verst\u00e4rker, Reduzierstutzen, vernickelte Messingadapter, Mehrlochdichtungen, O-Ringe, Zubeh\u00f6r f\u00fcr Kabelverschraubungen; M12 in Polyamid und in Edelstahl.[\/services_media][services_media title=&#8221;KABEL&#8221; photo=&#8221;4901&#8243; link=&#8221;\/produkte\/kabel\/&#8221;]Kabelbinder aus Polyamid PA 6.6 in den Farben schwarz, verschiedene bunte Farben und im nat\u00fcrlichen Farbton erh\u00e4ltlich; Kabelbinder aus Polyamid PA 12 schwarz Belturing Plus und Kabelbinder aus Edelstahl und Zubeh\u00f6r, spezielle Kabelbinder, Rohrklemmen, Federdrahtklemmen, Schlauchschellen, Schlauchkragen, Polyethylen Zopf, PVC Zopf, Geflecht Schlauch grau und schwarz auf Rolle oder in der Box erh\u00e4ltlich, Schutzgeflecht Schlauch in schwarz erh\u00e4ltlich; Schrumpfschlauch in verschiedenen Farben und Durchmessern auf Rollen oder in der Box erh\u00e4ltlich; L\u00f6tmuffen, Schrumpfschl\u00e4uche und L\u00f6tmuffen in Neopren; Isolierb\u00e4nder.<\/p>\n<p>[\/services_media][\/vc_column][\/vc_row]<\/p>\n","protected":false},"excerpt":{"rendered":"<p>[vc_row][vc_column][vc_empty_space][\/vc_column][\/vc_row][vc_row][vc_column width=&#8221;1\/3&#8243;][services_media title=&#8221;KABELSCHUHE&#8221; photo=&#8221;5417&#8243; link=&#8221;\/produkte\/kabelschuhe\/&#8221;]Vorisolierte und nicht isolierte Kabelschuhe, Einzelbeutel oder auf Rollen sind als Verpackungseinheit verf\u00fcgbar; Rohrkabelschuh mit oder ohne Sichtloch, verf\u00fcgbar auch als 90\u00b0 oder 45\u00b0 abgewinkelter Rohrkabelschuh, H\u00fclsen und Stecker einzeln, im Beutel oder auf Rollen verf\u00fcgbar, in Messing, Messing verzinnt, Bronze, Bronze verzinnt und Stahl verf\u00fcgbar; Isoliert\u00fclle in schwarz, Naturton und [&hellip;]<\/p>\n","protected":false},"author":3,"featured_media":0,"parent":0,"menu_order":0,"comment_status":"open","ping_status":"open","template":"","meta":{"footnotes":""},"_links":{"self":[{"href":"https:\/\/www.klingel.it\/de\/wp-json\/wp\/v2\/pages\/2832"}],"collection":[{"href":"https:\/\/www.klingel.it\/de\/wp-json\/wp\/v2\/pages"}],"about":[{"href":"https:\/\/www.klingel.it\/de\/wp-json\/wp\/v2\/types\/page"}],"author":[{"embeddable":true,"href":"https:\/\/www.klingel.it\/de\/wp-json\/wp\/v2\/users\/3"}],"replies":[{"embeddable":true,"href":"https:\/\/www.klingel.it\/de\/wp-json\/wp\/v2\/comments?post=2832"}],"version-history":[{"count":51,"href":"https:\/\/www.klingel.it\/de\/wp-json\/wp\/v2\/pages\/2832\/revisions"}],"predecessor-version":[{"id":6611,"href":"https:\/\/www.klingel.it\/de\/wp-json\/wp\/v2\/pages\/2832\/revisions\/6611"}],"wp:attachment":[{"href":"https:\/\/www.klingel.it\/de\/wp-json\/wp\/v2\/media?parent=2832"}],"curies":[{"name":"wp","href":"https:\/\/api.w.org\/{rel}","templated":true}]}}