
{"id":3832,"date":"2017-05-08T14:33:14","date_gmt":"2017-05-08T12:33:14","guid":{"rendered":"http:\/\/localhost\/motive\/?page_id=6"},"modified":"2017-05-08T17:50:57","modified_gmt":"2017-05-08T15:50:57","slug":"homepage-1","status":"publish","type":"page","link":"https:\/\/www.klingel.it\/de\/","title":{"rendered":"Homepage"},"content":{"rendered":"<p>[vc_row type=&#8221;full_width_background&#8221; top_padding=&#8221;0&#8243;][vc_column][vc_empty_space height=&#8221;50px&#8221;][\/vc_column][\/vc_row][vc_row type=&#8221;full_width_background&#8221; bg_color=&#8221;#ffffff&#8221; top_padding=&#8221;0&#8243;][vc_column][vc_empty_space height=&#8221;130px&#8221;][block_title title=&#8221;PRODUKTE&#8221;][\/block_title][vc_row_inner][vc_column_inner width=&#8221;1\/3&#8243;][services_media title=&#8221;KABELSCHUHE &#8221; photo=&#8221;5417&#8243; link=&#8221;\/de\/produkte\/kabelschuhe\/&#8221;]Vorisolierte und nicht isolierte Kabelschuhe, Einzelbeutel oder auf Rollen sind als Verpackungseinheit verf\u00fcgbar; Rohrkabelschuh mit oder ohne Sichtloch, verf\u00fcgbar auch als 90 \u00b0oder 45 \u00b0abgewinkelter Rohrkabelschuh, H\u00fclsen und Stecker einzeln, im Beutel oder auf Rollen verf\u00fcgbar, in Messing, Messing verzinnt, Bronze, Bronze verzinnt und Stahl verf\u00fcgbar; Isoliert\u00fclle in schwarz, Naturton und anderen verschiedenen Farben verf\u00fcgbar, spezielle Teile f\u00fcr die Automobilebranche verf\u00fcgbar[\/services_media][services_media title=&#8221;SCHALTGER\u00c4TE &#8221; photo=&#8221;5446&#8243; link=&#8221;\/de\/produkte\/schaltgerate\/&#8221;]Schalter und Trennschalter und Schalter f\u00fcr Einphasenmotoren. Schalter und Trennschalter und Schalter f\u00fcr die Pole-Schalter Einphasenmotoren. Spezielle Geh\u00e4use f\u00fcr Nocken- und Kompaktschalter. Umschalter, Stufenschalter, Gruppenschalter, Codier Schalter, Voltmeter-Umschalter, Amperemeter-Umschalter, Schalter mit R\u00fcckzug, Wendeschalter, Stern-Dreieck Schalter, Polumschalter, Einphasen-Anlass Schalter.[\/services_media][\/vc_column_inner][vc_column_inner width=&#8221;1\/3&#8243;][services_media title=&#8221;WERKZEUGE UND ZUBEH\u00d6HR &#8221; photo=&#8221;5441&#8243; link=&#8221;\/de\/produkte\/werkzeuge-und-zubehohr\/&#8221;]Crimp-Zangen, Kabelschneider, Zubeh\u00f6r f\u00fcr fein drahtige Kupferleiter, Zubeh\u00f6r f\u00fcr Aderendh\u00fclsen, Zubeh\u00f6r f\u00fcr Rohrkabelschuhe, Zubeh\u00f6r f\u00fcr Crimpwerkzeuge und Kabelschneider, Zubeh\u00f6r f\u00fcr Steckverbindungen, Werkzeuge und Werkzeugkoffer f\u00fcr die einfache Montage, Hei\u00dfluftpistolen, Mini-Applikatoren und Pressen.[\/services_media][services_media title=&#8221;STECKVERBINDER &#8221; photo=&#8221;4665&#8243; link=&#8221;\/de\/produkte\/steckverbinder\/&#8221;]Steckverbindungen, Steckvorrichtungen, Kontakte und Zubeh\u00f6r der Serie A3, A4, D7, D8, A10, A16, A32, B6, B10, B16, B24, B32, B48, BA6, BA12, D15, D25, D40, D50, D64, D80, D128, DD24, DD42 DD72 DD108 DD144 DD216, MO B; Geh\u00e4use der Familie A, B, BA, BB, BV, D, DD, MOB, BHT6, BHT10, BHT16, BHT24, Werkzeuge und Zubeh\u00f6r.[\/services_media][services_media title=&#8221;STECKDOSEN UND STECKER CEE &#8221; photo=&#8221;5422&#8243; link=&#8221;\/de\/produkte\/steckdosen-und-stecker-cee\/&#8221;]Steckdosen und Stecker, Schutzkontaktstecker (Schuko &#8211; Stecker), Steckdosen mit niedrigen Stromspannungen Serie Taurus, Industrieadapter, Schaltanlagen f\u00fcr W\u00e4nde oder M\u00f6bel.[\/services_media][\/vc_column_inner][vc_column_inner width=&#8221;1\/3&#8243;][services_media title=&#8221;KABELVERSCHRAUBUNGEN&#8221; photo=&#8221;5443&#8243; link=&#8221;\/de\/produkte\/kabelverschraubungen\/&#8221;]Kabelverschraubungen mit metrischen Gewinden und PG Gewinde in den Farben schwarz, hell- und dunkelgrau, Messing vernickelt und Edelstahl AISI 303 und AISI 316; Kabelverschraubungen ATEX Eex Polyamid und Nickelmessing; EMC-Spiralkabelverschraubungen, Sicherungsmuttern in Polyamid, in Messing und Edelstahl; Druckschrauben; Stecker und Verst\u00e4rker, Reduzierstutzen, vernickelte Messingadapter, Mehrlochdichtungen, O-Ringe, Zubeh\u00f6r f\u00fcr Kabelverschraubungen; M12 in Polyamid und in Edelstahl.[\/services_media][services_media title=&#8221;KABEL &#8221; photo=&#8221;4901&#8243; link=&#8221;\/de\/produkte\/kabel\/&#8221;]Kabelbinder aus Polyamid PA 6.6 in den Farben schwarz, verschiedene bunte Farben und im nat\u00fcrlichen Farbton erh\u00e4ltlich; Kabelbinder aus Polyamid PA 12 schwarz Belturing Plus und Kabelbinder aus Edelstahl und Zubeh\u00f6r, spezielle Kabelbinder, Rohrklemmen, Federdrahtklemmen, Schlauchschellen, Schlauchkragen, Polyethylen Zopf, PVC Zopf, Geflecht Schlauch grau und schwarz auf Rolle oder in der Box erh\u00e4ltlich, Schutzgeflecht Schlauch in schwarz erh\u00e4ltlich; Schrumpfschlauch in verschiedenen Farben und Durchmessern auf Rollen oder in der Box erh\u00e4ltlich; L\u00f6tmuffen, Schrumpfschl\u00e4uche und L\u00f6tmuffen in Neopren; Isolierb\u00e4nder.[\/services_media][\/vc_column_inner][\/vc_row_inner][\/vc_column][\/vc_row][vc_row type=&#8221;full_width_background&#8221; bg_color=&#8221;#f6f6f6&#8243; top_padding=&#8221;50&#8243; bottom_padding=&#8221;50&#8243;][vc_column width=&#8221;1\/2&#8243;][block_title padding_desc=&#8221;20%&#8221; title=&#8221;FIRMA&#8221;][\/block_title][vc_column_text]Seit 1968 ist KLINGEL ITALIANA ein f\u00fchrender Distributor auf dem italienischen Markt von elektronischen, elektrischen und pneumatischen Produkten. Die Firma befindet sich vor den Toren Mailands in Paderno Dugnano.<br \/>\nHeute sind wir der Lieferant f\u00fcr die Produkte der Firma LEAR Corporation (ex GROTE &#038; HARTMANN), WALTHTER WERKE, MERZ, BIMED und anderen Marken f\u00fcr den Automobil &#8211; Sektor, Haushaltsger\u00e4te-Sektor, Telekommunikation, Handel und der Industrie. Die Unternehmensphilosophie der Firma Klingel Italiana ist es, ein abwechslungsreiches und umfassendes Angebot an hochwertigen und speziellen Produkten anzubieten, um die Bed\u00fcrfnisse unserer Kunden zu erf\u00fcllen. Mit unseren Technikern aus unserem Team entwickeln wir zusammen mit unseren Kunden Partnerschaften auf lange Sicht.[\/vc_column_text][\/vc_column][vc_column width=&#8221;1\/2&#8243;][vc_gallery type=&#8221;image_grid&#8221; images=&#8221;5239,4415,4416&#8243; img_size=&#8221;medium&#8221;][\/vc_column][\/vc_row][vc_row type=&#8221;full_width_background&#8221; bg_color=&#8221;#f7f7f7&#8243; top_padding=&#8221;100&#8243; bottom_padding=&#8221;0&#8243;][vc_column][block_title padding_desc=&#8221;20%&#8221; title=&#8221;NEWS&#8221;][\/block_title][\/vc_column][\/vc_row][vc_row type=&#8221;full_width_background&#8221; bg_color=&#8221;#f7f7f7&#8243; top_padding=&#8221;40&#8243; bottom_padding=&#8221;30&#8243;][vc_column width=&#8221;1\/4&#8243;][latest_blog dynamic_from_where=&#8221;one_post&#8221; post_selected=&#8221;2856&#8243; carousel=&#8221;no&#8221; all_posts=&#8221;1&#8243; posts_per_page=&#8221;1&#8243;][\/vc_column][vc_column width=&#8221;1\/4&#8243;][latest_blog dynamic_from_where=&#8221;one_post&#8221; post_selected=&#8221;3839&#8243; carousel=&#8221;no&#8221; all_posts=&#8221;1&#8243; posts_per_page=&#8221;1&#8243;][\/vc_column][vc_column width=&#8221;1\/4&#8243;][latest_blog dynamic_from_where=&#8221;one_post&#8221; post_selected=&#8221;5023&#8243; carousel=&#8221;no&#8221; all_posts=&#8221;1&#8243; posts_per_page=&#8221;1&#8243;][\/vc_column][vc_column width=&#8221;1\/4&#8243;][latest_blog dynamic_from_where=&#8221;one_post&#8221; post_selected=&#8221;4242&#8243; carousel=&#8221;no&#8221; all_posts=&#8221;1&#8243; posts_per_page=&#8221;1&#8243;][\/vc_column][\/vc_row][vc_row type=&#8221;full_width_background&#8221; bg_color=&#8221;#f7f7f7&#8243; borders=&#8221;1&#8243;][vc_column][block_title title=&#8221;PARTNER&#8221;][\/block_title][\/vc_column][\/vc_row][vc_row][vc_column width=&#8221;1\/4&#8243;][vc_single_image image=&#8221;5239&#8243; img_size=&#8221;200&#215;120&#8243; alignment=&#8221;center&#8221;][\/vc_column][vc_column width=&#8221;1\/4&#8243;][vc_single_image image=&#8221;4764&#8243; img_size=&#8221;full&#8221; alignment=&#8221;center&#8221;][\/vc_column][vc_column width=&#8221;1\/4&#8243;][vc_single_image image=&#8221;4761&#8243; img_size=&#8221;full&#8221; alignment=&#8221;center&#8221;][\/vc_column][vc_column width=&#8221;1\/4&#8243;][vc_single_image image=&#8221;4771&#8243; img_size=&#8221;full&#8221; alignment=&#8221;center&#8221;][\/vc_column][\/vc_row][vc_row][vc_column width=&#8221;1\/4&#8243;][vc_single_image image=&#8221;4763&#8243; img_size=&#8221;full&#8221; alignment=&#8221;center&#8221;][\/vc_column][vc_column width=&#8221;1\/4&#8243;][vc_single_image image=&#8221;4770&#8243; img_size=&#8221;full&#8221; alignment=&#8221;center&#8221;][\/vc_column][vc_column width=&#8221;1\/4&#8243;][vc_single_image image=&#8221;4767&#8243; img_size=&#8221;full&#8221; alignment=&#8221;center&#8221;][\/vc_column][vc_column width=&#8221;1\/4&#8243;][vc_single_image image=&#8221;4768&#8243; img_size=&#8221;full&#8221; alignment=&#8221;center&#8221;][\/vc_column][\/vc_row][vc_row][vc_column width=&#8221;1\/4&#8243;][vc_single_image image=&#8221;4762&#8243; img_size=&#8221;full&#8221; alignment=&#8221;center&#8221;][\/vc_column][vc_column width=&#8221;1\/4&#8243;][vc_single_image image=&#8221;4769&#8243; img_size=&#8221;full&#8221; alignment=&#8221;center&#8221;][\/vc_column][vc_column width=&#8221;1\/4&#8243;][vc_single_image image=&#8221;4914&#8243; img_size=&#8221;150&#215;150&#8243; alignment=&#8221;center&#8221;][\/vc_column][vc_column width=&#8221;1\/4&#8243;][\/vc_column][\/vc_row]<\/p>\n","protected":false},"excerpt":{"rendered":"<p>[vc_row type=&#8221;full_width_background&#8221; top_padding=&#8221;0&#8243;][vc_column][vc_empty_space height=&#8221;50px&#8221;][\/vc_column][\/vc_row][vc_row type=&#8221;full_width_background&#8221; bg_color=&#8221;#ffffff&#8221; top_padding=&#8221;0&#8243;][vc_column][vc_empty_space height=&#8221;130px&#8221;][block_title title=&#8221;PRODUKTE&#8221;][\/block_title][vc_row_inner][vc_column_inner width=&#8221;1\/3&#8243;][services_media title=&#8221;KABELSCHUHE &#8221; photo=&#8221;5417&#8243; link=&#8221;\/de\/produkte\/kabelschuhe\/&#8221;]Vorisolierte und nicht isolierte Kabelschuhe, Einzelbeutel oder auf Rollen sind als Verpackungseinheit verf\u00fcgbar; Rohrkabelschuh mit oder ohne Sichtloch, verf\u00fcgbar auch als 90 \u00b0oder 45 \u00b0abgewinkelter Rohrkabelschuh, H\u00fclsen und Stecker einzeln, im Beutel oder auf Rollen verf\u00fcgbar, in Messing, Messing verzinnt, Bronze, Bronze [&hellip;]<\/p>\n","protected":false},"author":3,"featured_media":0,"parent":0,"menu_order":0,"comment_status":"open","ping_status":"open","template":"","meta":{"footnotes":""},"_links":{"self":[{"href":"https:\/\/www.klingel.it\/de\/wp-json\/wp\/v2\/pages\/3832"}],"collection":[{"href":"https:\/\/www.klingel.it\/de\/wp-json\/wp\/v2\/pages"}],"about":[{"href":"https:\/\/www.klingel.it\/de\/wp-json\/wp\/v2\/types\/page"}],"author":[{"embeddable":true,"href":"https:\/\/www.klingel.it\/de\/wp-json\/wp\/v2\/users\/3"}],"replies":[{"embeddable":true,"href":"https:\/\/www.klingel.it\/de\/wp-json\/wp\/v2\/comments?post=3832"}],"version-history":[{"count":128,"href":"https:\/\/www.klingel.it\/de\/wp-json\/wp\/v2\/pages\/3832\/revisions"}],"predecessor-version":[{"id":6694,"href":"https:\/\/www.klingel.it\/de\/wp-json\/wp\/v2\/pages\/3832\/revisions\/6694"}],"wp:attachment":[{"href":"https:\/\/www.klingel.it\/de\/wp-json\/wp\/v2\/media?parent=3832"}],"curies":[{"name":"wp","href":"https:\/\/api.w.org\/{rel}","templated":true}]}}