
{"id":4000,"date":"2018-06-01T14:00:51","date_gmt":"2018-06-01T12:00:51","guid":{"rendered":"http:\/\/www.klingel.it\/?page_id=4000"},"modified":"2024-01-09T18:07:17","modified_gmt":"2024-01-09T17:07:17","slug":"la-nostra-storia","status":"publish","type":"page","link":"https:\/\/www.klingel.it\/de\/firmenhistorie\/","title":{"rendered":"Firmenhistorie"},"content":{"rendered":"<p>[vc_row][vc_column][block_title title=&#8221;Unsere Geschichte&#8221;][\/block_title][\/vc_column][\/vc_row][vc_row][vc_column width=&#8221;1\/2&#8243;][vc_column_text]Klingel Italiana ist im Jahre 1968 entstanden mit dem Import von elektrischen Artikeln und hat ihren Sitz in Paderno Dugnano vor den Toren Mailands.<br \/>\nKLINGEL ITALIANA beginnt 1969 die Firma Grote &#038; Hartmann aus Wuppertal zu vertreten, dieses ist eine Firma die sich auf Steckverbindungen, Kabelschuhen und Kunststoffh\u00fclsen spezialisiert hat f\u00fcr den Automobilmarkt, f\u00fcr die Haushaltsger\u00e4teindustrie, f\u00fcr die Telekommunikationsbranche, den Handel und f\u00fcr die Industrie. Die Firma Grote &#038; Hartmann wurde Anfang 1900 gegr\u00fcndet und ist dank seiner diversen Investitionen und Forschungen zu einem multinationalen Unternehmen herangewachsen mit vielen Produktionsst\u00e4tten weltweit.<br \/>\nDie Firma Grote &#038; Hartmann \u00fcbernimmt 1995 Klingel Italiana, unter gro\u00dfer Anerkennung des gro\u00dfen Verkaufserfolgs der eigenen Produkte und anderer Produkte. In den vergangenen Jahren hatte Klingel Italiana auch hier das alleinige Verkaufsrecht darunter befanden sich folgende Firmen: BIMED, DMC, PCE MERZ, PRESSMASTER, SAVOY TECHNOLOGY, SCHLEMMER ITALIA und WALTHER WERKE f\u00fcr den italienischen Markt.<br \/>\nGHW Grote &#038; Hartmann GmbH wird 2004 von Lear Corporation gekauft. Klingel Italiana wird automatisch offizieller Lieferant der Lear Corporation ex GHW f\u00fcr Klemmen und Steckverbinder, Anschlussdosen und Maschinen zur Herstellung von Kabelb\u00e4umen, vor allem werden diese Artikel f\u00fcr die Automobilindustrie, Haushaltsger\u00e4teindustrie, der Telekommunikation, Industrie und den Handel verwendet.<br \/>\nMit der Unterst\u00fctzung einer effizienten Handelsstruktur, der Verbesserung des Qualit\u00e4tsmanagements und der technischen Erfahrung, ist Klingel Italiana in der Lage, innovative und technologische L\u00f6sungen anzubieten ganz auf den Bedarf des einzelnen Kunden zugeschnitten.[\/vc_column_text][\/vc_column][vc_column width=&#8221;1\/2&#8243;][vc_single_image image=&#8221;4415&#8243; img_size=&#8221;medium&#8221; add_caption=&#8221;yes&#8221; onclick=&#8221;img_link_large&#8221; img_link_target=&#8221;_blank&#8221; title=&#8221;Klingel Italiana&#8221;][\/vc_column][\/vc_row]<\/p>\n","protected":false},"excerpt":{"rendered":"<p>[vc_row][vc_column][block_title title=&#8221;Unsere Geschichte&#8221;][\/block_title][\/vc_column][\/vc_row][vc_row][vc_column width=&#8221;1\/2&#8243;][vc_column_text]Klingel Italiana ist im Jahre 1968 entstanden mit dem Import von elektrischen Artikeln und hat ihren Sitz in Paderno Dugnano vor den Toren Mailands. KLINGEL ITALIANA beginnt 1969 die Firma Grote &#038; Hartmann aus Wuppertal zu vertreten, dieses ist eine Firma die sich auf Steckverbindungen, Kabelschuhen und Kunststoffh\u00fclsen spezialisiert hat f\u00fcr den [&hellip;]<\/p>\n","protected":false},"author":3,"featured_media":0,"parent":0,"menu_order":0,"comment_status":"closed","ping_status":"closed","template":"","meta":{"footnotes":""},"_links":{"self":[{"href":"https:\/\/www.klingel.it\/de\/wp-json\/wp\/v2\/pages\/4000"}],"collection":[{"href":"https:\/\/www.klingel.it\/de\/wp-json\/wp\/v2\/pages"}],"about":[{"href":"https:\/\/www.klingel.it\/de\/wp-json\/wp\/v2\/types\/page"}],"author":[{"embeddable":true,"href":"https:\/\/www.klingel.it\/de\/wp-json\/wp\/v2\/users\/3"}],"replies":[{"embeddable":true,"href":"https:\/\/www.klingel.it\/de\/wp-json\/wp\/v2\/comments?post=4000"}],"version-history":[{"count":21,"href":"https:\/\/www.klingel.it\/de\/wp-json\/wp\/v2\/pages\/4000\/revisions"}],"predecessor-version":[{"id":6702,"href":"https:\/\/www.klingel.it\/de\/wp-json\/wp\/v2\/pages\/4000\/revisions\/6702"}],"wp:attachment":[{"href":"https:\/\/www.klingel.it\/de\/wp-json\/wp\/v2\/media?parent=4000"}],"curies":[{"name":"wp","href":"https:\/\/api.w.org\/{rel}","templated":true}]}}